{"id":1607,"date":"2024-02-21T23:16:32","date_gmt":"2024-02-21T23:16:32","guid":{"rendered":"https:\/\/drraulcalderon.com\/?page_id=1607"},"modified":"2024-02-22T00:41:03","modified_gmt":"2024-02-22T00:41:03","slug":"hitos-del-desarrollo","status":"publish","type":"page","link":"https:\/\/drraulcalderon.com\/index.php\/hitos-del-desarrollo\/","title":{"rendered":"Hitos del desarrollo"},"content":{"rendered":"\t\t<div data-elementor-type=\"wp-page\" data-elementor-id=\"1607\" class=\"elementor elementor-1607\" data-elementor-post-type=\"page\">\n\t\t\t\t\t\t<section class=\"elementor-section elementor-top-section elementor-element elementor-element-8dd1732 elementor-reverse-mobile elementor-section-boxed elementor-section-height-default elementor-section-height-default\" data-id=\"8dd1732\" data-element_type=\"section\" data-e-type=\"section\" data-settings=\"{&quot;background_background&quot;:&quot;classic&quot;}\">\n\t\t\t\t\t\t<div class=\"elementor-container elementor-column-gap-no\">\n\t\t\t\t\t<div class=\"elementor-column elementor-col-50 elementor-top-column elementor-element elementor-element-003e555\" data-id=\"003e555\" data-element_type=\"column\" data-e-type=\"column\">\n\t\t\t<div class=\"elementor-widget-wrap elementor-element-populated\">\n\t\t\t\t\t\t<div class=\"elementor-element elementor-element-73a447c elementor-widget elementor-widget-heading\" data-id=\"73a447c\" data-element_type=\"widget\" data-e-type=\"widget\" data-widget_type=\"heading.default\">\n\t\t\t\t<div class=\"elementor-widget-container\">\n\t\t\t\t\t<h2 class=\"elementor-heading-title elementor-size-default\">Hitos del desarrollo<\/h2>\t\t\t\t<\/div>\n\t\t\t\t<\/div>\n\t\t\t\t<div class=\"elementor-element elementor-element-b7e4ab2 elementor-widget elementor-widget-text-editor\" data-id=\"b7e4ab2\" data-element_type=\"widget\" data-e-type=\"widget\" data-widget_type=\"text-editor.default\">\n\t\t\t\t<div class=\"elementor-widget-container\">\n\t\t\t\t\t\t\t\t\t<p><span style=\"font-size: 16px;\">En el mundo de la neuropediatr\u00eda, comprender y monitorear los hitos del desarrollo es esencial para garantizar un camino saludable hacia la vida adulta. Desde los primeros momentos de la infancia hasta la adolescencia, cada etapa representa un cap\u00edtulo crucial en la formaci\u00f3n de habilidades y capacidades.<\/span><\/p><p>Durante su crecimiento los ni\u00f1os adquieren habilidades motoras, desarrollan el lenguaje, establecen conexiones sociales y alcanzan otros hitos fundamentales. \u00a0\u00a1Descubramos juntos los hitos que marcan el camino hacia una vida plena y saludable!<\/p>\t\t\t\t\t\t\t\t<\/div>\n\t\t\t\t<\/div>\n\t\t\t\t\t<\/div>\n\t\t<\/div>\n\t\t\t\t<div class=\"elementor-column elementor-col-50 elementor-top-column elementor-element elementor-element-2c11e68\" data-id=\"2c11e68\" data-element_type=\"column\" data-e-type=\"column\">\n\t\t\t<div class=\"elementor-widget-wrap elementor-element-populated\">\n\t\t\t\t\t\t<div class=\"elementor-element elementor-element-f9a1d3a elementor-widget elementor-widget-image\" data-id=\"f9a1d3a\" data-element_type=\"widget\" data-e-type=\"widget\" data-widget_type=\"image.default\">\n\t\t\t\t<div class=\"elementor-widget-container\">\n\t\t\t\t\t\t\t\t\t\t\t\t\t\t\t<img fetchpriority=\"high\" decoding=\"async\" width=\"624\" height=\"960\" src=\"https:\/\/drraulcalderon.com\/wp-content\/uploads\/2024\/02\/Diseno-sin-titulo-7.png\" class=\"attachment-full size-full wp-image-1610\" alt=\"\" srcset=\"https:\/\/drraulcalderon.com\/wp-content\/uploads\/2024\/02\/Diseno-sin-titulo-7.png 624w, https:\/\/drraulcalderon.com\/wp-content\/uploads\/2024\/02\/Diseno-sin-titulo-7-195x300.png 195w\" sizes=\"(max-width: 624px) 100vw, 624px\" \/>\t\t\t\t\t\t\t\t\t\t\t\t\t\t\t<\/div>\n\t\t\t\t<\/div>\n\t\t\t\t\t<\/div>\n\t\t<\/div>\n\t\t\t\t\t<\/div>\n\t\t<\/section>\n\t\t\t\t<section class=\"elementor-section elementor-top-section elementor-element elementor-element-22bb958 elementor-section-boxed elementor-section-height-default elementor-section-height-default\" data-id=\"22bb958\" data-element_type=\"section\" data-e-type=\"section\">\n\t\t\t\t\t\t<div class=\"elementor-container elementor-column-gap-default\">\n\t\t\t\t\t<div class=\"elementor-column elementor-col-100 elementor-top-column elementor-element elementor-element-a2301c2\" data-id=\"a2301c2\" data-element_type=\"column\" data-e-type=\"column\">\n\t\t\t<div class=\"elementor-widget-wrap elementor-element-populated\">\n\t\t\t\t\t\t<div class=\"elementor-element elementor-element-0c24ec0 elementor-widget elementor-widget-spacer\" data-id=\"0c24ec0\" data-element_type=\"widget\" data-e-type=\"widget\" data-widget_type=\"spacer.default\">\n\t\t\t\t<div class=\"elementor-widget-container\">\n\t\t\t\t\t\t\t<div class=\"elementor-spacer\">\n\t\t\t<div class=\"elementor-spacer-inner\"><\/div>\n\t\t<\/div>\n\t\t\t\t\t\t<\/div>\n\t\t\t\t<\/div>\n\t\t\t\t<div class=\"elementor-element elementor-element-9cea1dd elementor-widget elementor-widget-heading\" data-id=\"9cea1dd\" data-element_type=\"widget\" data-e-type=\"widget\" data-widget_type=\"heading.default\">\n\t\t\t\t<div class=\"elementor-widget-container\">\n\t\t\t\t\t<h2 class=\"elementor-heading-title elementor-size-default\">Lista de comprobaci\u00f3n de hitos<\/h2>\t\t\t\t<\/div>\n\t\t\t\t<\/div>\n\t\t\t\t<div class=\"elementor-element elementor-element-e04324c elementor-widget elementor-widget-html\" data-id=\"e04324c\" data-element_type=\"widget\" data-e-type=\"widget\" data-widget_type=\"html.default\">\n\t\t\t\t<div class=\"elementor-widget-container\">\n\t\t\t\t\t<iframe src=\"https:\/\/drive.google.com\/file\/d\/1uH82lQ6M21M3R7k8IMHGvML5jR4pfoQx\/preview\" width=\"1px\" height=\"900px\" ><\/iframe>\t\t\t\t<\/div>\n\t\t\t\t<\/div>\n\t\t\t\t<div class=\"elementor-element elementor-element-0270b5c elementor-widget elementor-widget-html\" data-id=\"0270b5c\" data-element_type=\"widget\" data-e-type=\"widget\" data-widget_type=\"html.default\">\n\t\t\t\t<div class=\"elementor-widget-container\">\n\t\t\t\t\t<iframe src=\"https:\/\/drive.google.com\/file\/d\/18zttF8PGpTZ8t3yEzQgQNQH9QsrA_c6M\/preview\" width=\"1px\" height=\"900px\" ><\/iframe>\t\t\t\t<\/div>\n\t\t\t\t<\/div>\n\t\t\t\t\t<\/div>\n\t\t<\/div>\n\t\t\t\t\t<\/div>\n\t\t<\/section>\n\t\t\t\t<section class=\"elementor-section elementor-top-section elementor-element elementor-element-85d7386 elementor-section-full_width elementor-section-height-default elementor-section-height-default\" data-id=\"85d7386\" data-element_type=\"section\" data-e-type=\"section\">\n\t\t\t\t\t\t<div class=\"elementor-container elementor-column-gap-no\">\n\t\t\t\t\t<div class=\"elementor-column elementor-col-100 elementor-top-column elementor-element elementor-element-c3d32bd\" data-id=\"c3d32bd\" data-element_type=\"column\" data-e-type=\"column\">\n\t\t\t<div class=\"elementor-widget-wrap elementor-element-populated\">\n\t\t\t\t\t\t<div class=\"elementor-element elementor-element-67bc7a4 elementor-widget elementor-widget-video\" data-id=\"67bc7a4\" data-element_type=\"widget\" data-e-type=\"widget\" data-settings=\"{&quot;youtube_url&quot;:&quot;https:\\\/\\\/www.youtube.com\\\/watch?v=wfzVtBQ3fS0&amp;list=PLyPj1_Wge_0RA9FaqYz4TtwUHUg8nKVOa&amp;index=1&quot;,&quot;video_type&quot;:&quot;youtube&quot;,&quot;controls&quot;:&quot;yes&quot;}\" data-widget_type=\"video.default\">\n\t\t\t\t<div class=\"elementor-widget-container\">\n\t\t\t\t\t\t\t<div class=\"elementor-wrapper elementor-open-inline\">\n\t\t\t<div class=\"elementor-video\"><\/div>\t\t<\/div>\n\t\t\t\t\t\t<\/div>\n\t\t\t\t<\/div>\n\t\t\t\t<div class=\"elementor-element elementor-element-435cd32 elementor-widget elementor-widget-spacer\" data-id=\"435cd32\" data-element_type=\"widget\" data-e-type=\"widget\" data-widget_type=\"spacer.default\">\n\t\t\t\t<div class=\"elementor-widget-container\">\n\t\t\t\t\t\t\t<div class=\"elementor-spacer\">\n\t\t\t<div class=\"elementor-spacer-inner\"><\/div>\n\t\t<\/div>\n\t\t\t\t\t\t<\/div>\n\t\t\t\t<\/div>\n\t\t\t\t\t<\/div>\n\t\t<\/div>\n\t\t\t\t\t<\/div>\n\t\t<\/section>\n\t\t\t\t<section class=\"elementor-section elementor-top-section elementor-element elementor-element-14106d7 elementor-section-boxed elementor-section-height-default elementor-section-height-default\" data-id=\"14106d7\" data-element_type=\"section\" data-e-type=\"section\">\n\t\t\t\t\t\t\t<div class=\"elementor-background-overlay\"><\/div>\n\t\t\t\t\t\t\t<div class=\"elementor-container elementor-column-gap-no\">\n\t\t\t\t\t<div class=\"elementor-column elementor-col-100 elementor-top-column elementor-element elementor-element-c3eb820\" data-id=\"c3eb820\" data-element_type=\"column\" data-e-type=\"column\">\n\t\t\t<div class=\"elementor-widget-wrap elementor-element-populated\">\n\t\t\t\t\t\t<section class=\"elementor-section elementor-inner-section elementor-element elementor-element-7b5880d elementor-section-boxed elementor-section-height-default elementor-section-height-default\" data-id=\"7b5880d\" data-element_type=\"section\" data-e-type=\"section\">\n\t\t\t\t\t\t<div class=\"elementor-container elementor-column-gap-no\">\n\t\t\t\t\t<div class=\"elementor-column elementor-col-50 elementor-inner-column elementor-element elementor-element-56a19f6\" data-id=\"56a19f6\" data-element_type=\"column\" data-e-type=\"column\">\n\t\t\t<div class=\"elementor-widget-wrap elementor-element-populated\">\n\t\t\t\t\t\t<div class=\"elementor-element elementor-element-1eb4476 elementor-widget elementor-widget-heading\" data-id=\"1eb4476\" data-element_type=\"widget\" data-e-type=\"widget\" data-widget_type=\"heading.default\">\n\t\t\t\t<div class=\"elementor-widget-container\">\n\t\t\t\t\t<h3 class=\"elementor-heading-title elementor-size-default\">Instagram<\/h3>\t\t\t\t<\/div>\n\t\t\t\t<\/div>\n\t\t\t\t\t<\/div>\n\t\t<\/div>\n\t\t\t\t<div class=\"elementor-column elementor-col-50 elementor-inner-column elementor-element elementor-element-f86e7fa\" data-id=\"f86e7fa\" data-element_type=\"column\" data-e-type=\"column\">\n\t\t\t<div class=\"elementor-widget-wrap elementor-element-populated\">\n\t\t\t\t\t\t<div class=\"elementor-element elementor-element-aed558b elementor-align-right elementor-mobile-align-center elementor-widget elementor-widget-button\" data-id=\"aed558b\" data-element_type=\"widget\" data-e-type=\"widget\" data-widget_type=\"button.default\">\n\t\t\t\t<div class=\"elementor-widget-container\">\n\t\t\t\t\t\t\t\t\t<div class=\"elementor-button-wrapper\">\n\t\t\t\t\t<a class=\"elementor-button elementor-button-link elementor-size-sm\" href=\"https:\/\/www.instagram.com\/dr_raul_calderon\/\">\n\t\t\t\t\t\t<span class=\"elementor-button-content-wrapper\">\n\t\t\t\t\t\t<span class=\"elementor-button-icon\">\n\t\t\t\t<i aria-hidden=\"true\" class=\"fas fa-external-link-alt\"><\/i>\t\t\t<\/span>\n\t\t\t\t\t\t\t\t\t<span class=\"elementor-button-text\">@dr_raul_calderon<\/span>\n\t\t\t\t\t<\/span>\n\t\t\t\t\t<\/a>\n\t\t\t\t<\/div>\n\t\t\t\t\t\t\t\t<\/div>\n\t\t\t\t<\/div>\n\t\t\t\t\t<\/div>\n\t\t<\/div>\n\t\t\t\t\t<\/div>\n\t\t<\/section>\n\t\t\t\t<div class=\"elementor-element elementor-element-955b6d2 elementor-widget elementor-widget-html\" data-id=\"955b6d2\" data-element_type=\"widget\" data-e-type=\"widget\" data-widget_type=\"html.default\">\n\t\t\t\t<div class=\"elementor-widget-container\">\n\t\t\t\t\t\t\t\t<style>\r\n\t\t\t\t\t#insta-gallery-feed-0 .insta-gallery-list .insta-gallery-item .insta-gallery-image-wrap .insta-gallery-image-mask {background-color: #000000;}\t\t\t<\/style>\r\n\t\t\t<div id=\"insta-gallery-feed-0\" class=\"insta-gallery-feed insta-gallery-square\" data-feed=\"{&quot;id&quot;:0,&quot;order&quot;:1,&quot;username&quot;:&quot;17841455749801896&quot;,&quot;type&quot;:&quot;username&quot;,&quot;tag&quot;:&quot;wordpress&quot;,&quot;order_by&quot;:&quot;top_media&quot;,&quot;layout&quot;:&quot;carousel&quot;,&quot;limit&quot;:&quot;12&quot;,&quot;columns&quot;:&quot;3&quot;,&quot;resolution&quot;:&quot;standard&quot;,&quot;lazy&quot;:false,&quot;spacing&quot;:5,&quot;highlight&quot;:[&quot;1&quot;,&quot;3&quot;,&quot;5&quot;],&quot;profile&quot;:{&quot;id&quot;:17841455749801896,&quot;username&quot;:&quot;&quot;,&quot;website&quot;:&quot;&quot;,&quot;biography&quot;:&quot;&quot;,&quot;name&quot;:&quot;&quot;,&quot;followers_count&quot;:0,&quot;media_count&quot;:0,&quot;profile_picture_url&quot;:&quot;http:\\\/\\\/2.gravatar.com\\\/avatar\\\/b642b4217b34b1e8d3bd915fc65c4452?s=320&amp;d=mm&amp;r=g&quot;,&quot;link&quot;:&quot;&quot;,&quot;error&quot;:1,&quot;message&quot;:&quot;Error validating access token: Session has expired on Saturday, 04-Nov-23 03:14:39 PDT. The current time is Tuesday, 28-Apr-26 07:07:01 PDT.&quot;},&quot;box&quot;:{&quot;display&quot;:false,&quot;padding&quot;:&quot;1&quot;,&quot;radius&quot;:&quot;0&quot;,&quot;background&quot;:&quot;#fefefe&quot;,&quot;profile&quot;:false,&quot;desc&quot;:&quot;&quot;,&quot;color_text&quot;:&quot;#000000&quot;},&quot;mask&quot;:{&quot;display&quot;:true,&quot;background&quot;:&quot;#000000&quot;,&quot;likes&quot;:true,&quot;comments&quot;:true},&quot;card&quot;:{&quot;display&quot;:false,&quot;radius&quot;:&quot;1&quot;,&quot;font_size&quot;:&quot;12&quot;,&quot;background&quot;:&quot;#ffffff&quot;,&quot;text_color&quot;:&quot;#000000&quot;,&quot;padding&quot;:&quot;5&quot;,&quot;info&quot;:true,&quot;length&quot;:&quot;10&quot;,&quot;caption&quot;:true},&quot;carousel&quot;:{&quot;slidespv&quot;:&quot;5&quot;,&quot;autoplay&quot;:false,&quot;autoplay_interval&quot;:&quot;3000&quot;,&quot;navarrows&quot;:true,&quot;navarrows_color&quot;:&quot;&quot;,&quot;pagination&quot;:true,&quot;pagination_color&quot;:&quot;&quot;},&quot;popup&quot;:{&quot;display&quot;:true,&quot;profile&quot;:false,&quot;caption&quot;:false,&quot;likes&quot;:false,&quot;comments&quot;:false,&quot;align&quot;:&quot;bottom&quot;},&quot;button&quot;:{&quot;display&quot;:true,&quot;text&quot;:&quot;View on Instagram&quot;,&quot;background&quot;:&quot;&quot;,&quot;background_hover&quot;:&quot;&quot;},&quot;button_load&quot;:{&quot;display&quot;:false,&quot;text&quot;:&quot;Load more...&quot;,&quot;background&quot;:&quot;&quot;,&quot;background_hover&quot;:&quot;&quot;},&quot;panel&quot;:&quot;tab_panel_feed&quot;,&quot;insta_layout&quot;:&quot;carousel&quot;,&quot;insta_box&quot;:false,&quot;insta_box-padding&quot;:&quot;1&quot;,&quot;insta_box-radius&quot;:&quot;0&quot;,&quot;insta_box-background&quot;:&quot;#fefefe&quot;,&quot;insta_box-profile&quot;:false,&quot;insta_box-desc&quot;:&quot;&quot;,&quot;insta_box-color-text&quot;:&quot;#000000&quot;,&quot;insta_button_load&quot;:false,&quot;insta_button_load-background-hover&quot;:&quot;&quot;,&quot;insta_button_load-background&quot;:&quot;&quot;,&quot;insta_button_load-text&quot;:&quot;Load more...&quot;,&quot;insta_button&quot;:true,&quot;insta_button-background-hover&quot;:&quot;&quot;,&quot;insta_button-background&quot;:&quot;&quot;,&quot;insta_button-text&quot;:&quot;View on Instagram&quot;,&quot;insta_card&quot;:false,&quot;insta_card-font-size&quot;:&quot;12&quot;,&quot;insta_card-color-text&quot;:&quot;#000000&quot;,&quot;insta_card-padding&quot;:&quot;5&quot;,&quot;insta_card-radius&quot;:&quot;1&quot;,&quot;insta_card-background&quot;:&quot;#ffffff&quot;}\" data-feed_layout=\"carousel\">\r\n    <div class=\"swiper-container\">\r\n    <div class=\"insta-gallery-list swiper-wrapper\">\r\n    <\/div>\r\n          <div class=\"swiper-pagination\"><\/div>\r\n              <div class=\"swiper-button-prev\">\r\n        <i class=\"qligg-icon-prev\"><\/i>\r\n      <\/div>\r\n      <div class=\"swiper-button-next\">\r\n        <i class=\"qligg-icon-next\"><\/i>\r\n      <\/div>\r\n        <div class=\"insta-gallery-spinner\"><\/div>  <\/div>\r\n    <div class=\"insta-gallery-actions\">\r\n    <a href=\"https:\/\/www.instagram.com\/\" target=\"blank\" class=\"insta-gallery-button follow\"><i class=\"qligg-icon-instagram-o\"><\/i>View on Instagram<\/a>\r\n  <\/div>\r\n <\/div>\t\t\t\t<\/div>\n\t\t\t\t<\/div>\n\t\t\t\t\t<\/div>\n\t\t<\/div>\n\t\t\t\t\t<\/div>\n\t\t<\/section>\n\t\t\t\t<\/div>\n\t\t","protected":false},"excerpt":{"rendered":"<p>Hitos del desarrollo En el mundo de la neuropediatr\u00eda, comprender y monitorear los hitos del desarrollo es esencial para garantizar un camino saludable hacia la vida adulta. Desde los primeros momentos de la infancia hasta la adolescencia, cada etapa representa un cap\u00edtulo crucial en la formaci\u00f3n de habilidades y capacidades. Durante su crecimiento los ni\u00f1os &hellip;<\/p>\n<p class=\"read-more\"> <a class=\"\" href=\"https:\/\/drraulcalderon.com\/index.php\/hitos-del-desarrollo\/\"> <span class=\"screen-reader-text\">Hitos del desarrollo<\/span> Leer m\u00e1s &raquo;<\/a><\/p>\n","protected":false},"author":1,"featured_media":0,"parent":0,"menu_order":0,"comment_status":"closed","ping_status":"closed","template":"","meta":{"site-sidebar-layout":"no-sidebar","site-content-layout":"page-builder","ast-global-header-display":"","ast-main-header-display":"","ast-hfb-above-header-display":"","ast-hfb-below-header-display":"","ast-hfb-mobile-header-display":"","site-post-title":"disabled","ast-breadcrumbs-content":"disabled","ast-featured-img":"disabled","footer-sml-layout":"","theme-transparent-header-meta":"enabled","adv-header-id-meta":"","stick-header-meta":"","header-above-stick-meta":"","header-main-stick-meta":"","header-below-stick-meta":"","_joinchat":[],"footnotes":""},"class_list":["post-1607","page","type-page","status-publish","hentry"],"yoast_head":"<!-- This site is optimized with the Yoast SEO plugin v20.13 - https:\/\/yoast.com\/wordpress\/plugins\/seo\/ -->\n<title>Hitos del desarrollo - Dr Ra\u00fal Calder\u00f3n<\/title>\n<meta name=\"robots\" content=\"index, follow, max-snippet:-1, max-image-preview:large, max-video-preview:-1\" \/>\n<link rel=\"canonical\" href=\"https:\/\/drraulcalderon.com\/index.php\/hitos-del-desarrollo\/\" \/>\n<meta property=\"og:locale\" content=\"es_MX\" \/>\n<meta property=\"og:type\" content=\"article\" \/>\n<meta property=\"og:title\" content=\"Hitos del desarrollo - Dr Ra\u00fal Calder\u00f3n\" \/>\n<meta property=\"og:description\" content=\"Hitos del desarrollo En el mundo de la neuropediatr\u00eda, comprender y monitorear los hitos del desarrollo es esencial para garantizar un camino saludable hacia la vida adulta. Desde los primeros momentos de la infancia hasta la adolescencia, cada etapa representa un cap\u00edtulo crucial en la formaci\u00f3n de habilidades y capacidades. Durante su crecimiento los ni\u00f1os &hellip; Hitos del desarrollo Leer m\u00e1s &raquo;\" \/>\n<meta property=\"og:url\" content=\"https:\/\/drraulcalderon.com\/index.php\/hitos-del-desarrollo\/\" \/>\n<meta property=\"og:site_name\" content=\"Dr Ra\u00fal Calder\u00f3n\" \/>\n<meta property=\"article:modified_time\" content=\"2024-02-22T00:41:03+00:00\" \/>\n<meta property=\"og:image\" content=\"http:\/\/drraulcalderon.com\/wp-content\/uploads\/2024\/02\/Diseno-sin-titulo-7.png\" \/>\n<meta name=\"twitter:card\" content=\"summary_large_image\" \/>\n<meta name=\"twitter:label1\" content=\"Tiempo de lectura\" \/>\n\t<meta name=\"twitter:data1\" content=\"1 minuto\" \/>\n<script type=\"application\/ld+json\" class=\"yoast-schema-graph\">{\"@context\":\"https:\/\/schema.org\",\"@graph\":[{\"@type\":\"WebPage\",\"@id\":\"https:\/\/drraulcalderon.com\/index.php\/hitos-del-desarrollo\/\",\"url\":\"https:\/\/drraulcalderon.com\/index.php\/hitos-del-desarrollo\/\",\"name\":\"Hitos del desarrollo - Dr Ra\u00fal Calder\u00f3n\",\"isPartOf\":{\"@id\":\"https:\/\/drraulcalderon.com\/#website\"},\"datePublished\":\"2024-02-21T23:16:32+00:00\",\"dateModified\":\"2024-02-22T00:41:03+00:00\",\"breadcrumb\":{\"@id\":\"https:\/\/drraulcalderon.com\/index.php\/hitos-del-desarrollo\/#breadcrumb\"},\"inLanguage\":\"es\",\"potentialAction\":[{\"@type\":\"ReadAction\",\"target\":[\"https:\/\/drraulcalderon.com\/index.php\/hitos-del-desarrollo\/\"]}]},{\"@type\":\"BreadcrumbList\",\"@id\":\"https:\/\/drraulcalderon.com\/index.php\/hitos-del-desarrollo\/#breadcrumb\",\"itemListElement\":[{\"@type\":\"ListItem\",\"position\":1,\"name\":\"Inicio\",\"item\":\"https:\/\/drraulcalderon.com\/\"},{\"@type\":\"ListItem\",\"position\":2,\"name\":\"Hitos del desarrollo\"}]},{\"@type\":\"WebSite\",\"@id\":\"https:\/\/drraulcalderon.com\/#website\",\"url\":\"https:\/\/drraulcalderon.com\/\",\"name\":\"Dr Ra\u00fal Calder\u00f3n\",\"description\":\"Neuropediatr\u00eda y Neurodesarrollo\",\"publisher\":{\"@id\":\"https:\/\/drraulcalderon.com\/#\/schema\/person\/0bd0be000915288a253b0e18a70f4d0c\"},\"potentialAction\":[{\"@type\":\"SearchAction\",\"target\":{\"@type\":\"EntryPoint\",\"urlTemplate\":\"https:\/\/drraulcalderon.com\/?s={search_term_string}\"},\"query-input\":\"required name=search_term_string\"}],\"inLanguage\":\"es\"},{\"@type\":[\"Person\",\"Organization\"],\"@id\":\"https:\/\/drraulcalderon.com\/#\/schema\/person\/0bd0be000915288a253b0e18a70f4d0c\",\"name\":\"Raul Calderon\",\"image\":{\"@type\":\"ImageObject\",\"inLanguage\":\"es\",\"@id\":\"https:\/\/drraulcalderon.com\/#\/schema\/person\/image\/\",\"url\":\"https:\/\/drraulcalderon.com\/wp-content\/uploads\/2023\/03\/LOGO-DR-RAUL-PSDazul-e1679738903670.png\",\"contentUrl\":\"https:\/\/drraulcalderon.com\/wp-content\/uploads\/2023\/03\/LOGO-DR-RAUL-PSDazul-e1679738903670.png\",\"width\":1080,\"height\":567,\"caption\":\"Raul Calderon\"},\"logo\":{\"@id\":\"https:\/\/drraulcalderon.com\/#\/schema\/person\/image\/\"}}]}<\/script>\n<!-- \/ Yoast SEO plugin. -->","yoast_head_json":{"title":"Hitos del desarrollo - Dr Ra\u00fal Calder\u00f3n","robots":{"index":"index","follow":"follow","max-snippet":"max-snippet:-1","max-image-preview":"max-image-preview:large","max-video-preview":"max-video-preview:-1"},"canonical":"https:\/\/drraulcalderon.com\/index.php\/hitos-del-desarrollo\/","og_locale":"es_MX","og_type":"article","og_title":"Hitos del desarrollo - Dr Ra\u00fal Calder\u00f3n","og_description":"Hitos del desarrollo En el mundo de la neuropediatr\u00eda, comprender y monitorear los hitos del desarrollo es esencial para garantizar un camino saludable hacia la vida adulta. Desde los primeros momentos de la infancia hasta la adolescencia, cada etapa representa un cap\u00edtulo crucial en la formaci\u00f3n de habilidades y capacidades. Durante su crecimiento los ni\u00f1os &hellip; Hitos del desarrollo Leer m\u00e1s &raquo;","og_url":"https:\/\/drraulcalderon.com\/index.php\/hitos-del-desarrollo\/","og_site_name":"Dr Ra\u00fal Calder\u00f3n","article_modified_time":"2024-02-22T00:41:03+00:00","og_image":[{"url":"http:\/\/drraulcalderon.com\/wp-content\/uploads\/2024\/02\/Diseno-sin-titulo-7.png"}],"twitter_card":"summary_large_image","twitter_misc":{"Tiempo de lectura":"1 minuto"},"schema":{"@context":"https:\/\/schema.org","@graph":[{"@type":"WebPage","@id":"https:\/\/drraulcalderon.com\/index.php\/hitos-del-desarrollo\/","url":"https:\/\/drraulcalderon.com\/index.php\/hitos-del-desarrollo\/","name":"Hitos del desarrollo - Dr Ra\u00fal Calder\u00f3n","isPartOf":{"@id":"https:\/\/drraulcalderon.com\/#website"},"datePublished":"2024-02-21T23:16:32+00:00","dateModified":"2024-02-22T00:41:03+00:00","breadcrumb":{"@id":"https:\/\/drraulcalderon.com\/index.php\/hitos-del-desarrollo\/#breadcrumb"},"inLanguage":"es","potentialAction":[{"@type":"ReadAction","target":["https:\/\/drraulcalderon.com\/index.php\/hitos-del-desarrollo\/"]}]},{"@type":"BreadcrumbList","@id":"https:\/\/drraulcalderon.com\/index.php\/hitos-del-desarrollo\/#breadcrumb","itemListElement":[{"@type":"ListItem","position":1,"name":"Inicio","item":"https:\/\/drraulcalderon.com\/"},{"@type":"ListItem","position":2,"name":"Hitos del desarrollo"}]},{"@type":"WebSite","@id":"https:\/\/drraulcalderon.com\/#website","url":"https:\/\/drraulcalderon.com\/","name":"Dr Ra\u00fal Calder\u00f3n","description":"Neuropediatr\u00eda y Neurodesarrollo","publisher":{"@id":"https:\/\/drraulcalderon.com\/#\/schema\/person\/0bd0be000915288a253b0e18a70f4d0c"},"potentialAction":[{"@type":"SearchAction","target":{"@type":"EntryPoint","urlTemplate":"https:\/\/drraulcalderon.com\/?s={search_term_string}"},"query-input":"required name=search_term_string"}],"inLanguage":"es"},{"@type":["Person","Organization"],"@id":"https:\/\/drraulcalderon.com\/#\/schema\/person\/0bd0be000915288a253b0e18a70f4d0c","name":"Raul Calderon","image":{"@type":"ImageObject","inLanguage":"es","@id":"https:\/\/drraulcalderon.com\/#\/schema\/person\/image\/","url":"https:\/\/drraulcalderon.com\/wp-content\/uploads\/2023\/03\/LOGO-DR-RAUL-PSDazul-e1679738903670.png","contentUrl":"https:\/\/drraulcalderon.com\/wp-content\/uploads\/2023\/03\/LOGO-DR-RAUL-PSDazul-e1679738903670.png","width":1080,"height":567,"caption":"Raul Calderon"},"logo":{"@id":"https:\/\/drraulcalderon.com\/#\/schema\/person\/image\/"}}]}},"_links":{"self":[{"href":"https:\/\/drraulcalderon.com\/index.php\/wp-json\/wp\/v2\/pages\/1607","targetHints":{"allow":["GET"]}}],"collection":[{"href":"https:\/\/drraulcalderon.com\/index.php\/wp-json\/wp\/v2\/pages"}],"about":[{"href":"https:\/\/drraulcalderon.com\/index.php\/wp-json\/wp\/v2\/types\/page"}],"author":[{"embeddable":true,"href":"https:\/\/drraulcalderon.com\/index.php\/wp-json\/wp\/v2\/users\/1"}],"replies":[{"embeddable":true,"href":"https:\/\/drraulcalderon.com\/index.php\/wp-json\/wp\/v2\/comments?post=1607"}],"version-history":[{"count":10,"href":"https:\/\/drraulcalderon.com\/index.php\/wp-json\/wp\/v2\/pages\/1607\/revisions"}],"predecessor-version":[{"id":1620,"href":"https:\/\/drraulcalderon.com\/index.php\/wp-json\/wp\/v2\/pages\/1607\/revisions\/1620"}],"wp:attachment":[{"href":"https:\/\/drraulcalderon.com\/index.php\/wp-json\/wp\/v2\/media?parent=1607"}],"curies":[{"name":"wp","href":"https:\/\/api.w.org\/{rel}","templated":true}]}}